{"id":5328,"date":"2022-05-24T09:40:13","date_gmt":"2022-05-24T09:40:13","guid":{"rendered":"https:\/\/www.vizz-agency.com\/casos-de-exito\/yatekomo-generacion-ya\/"},"modified":"2022-10-26T14:29:58","modified_gmt":"2022-10-26T14:29:58","slug":"yatekomo-generacion-ya","status":"publish","type":"page","link":"https:\/\/www.vizz-agency.com\/en\/best-cases\/yatekomo-generacion-ya\/","title":{"rendered":"Yatekomo &#8220;Generaci\u00f3n Ya&#8221;"},"content":{"rendered":"\n<div class=\"wp-block-qubely-row alignfull qubely-section qubely-block-4f643d\" id=\"brands\"><div class=\"qubely-row-overlay\"><\/div><div class=\"qubely-container\"><div class=\"qubely-row \">\n<div class=\"wp-block-qubely-column qubely-column qubely-column-front qubely-block-23224c\"><div class=\"qubely-column-inner\">\n<h1 class=\"has-text-align-center has-palette-color-8-color has-text-color wp-block-heading\" style=\"font-size:clamp(2.2rem, 2.2rem + ((1vw - 0.2rem) * 2.25), 4rem);text-transform:uppercase\"><strong>YATEKOMO &#8220;GENERACI\u00d3N YA&#8221;<\/strong><\/h1>\n<\/div><\/div>\n<\/div><\/div><\/div>\n\n\n\n<div class=\"wp-block-qubely-row qubely-section qubely-block-5aebdc\"><div class=\"qubely-row-overlay\"><\/div><div class=\"qubely-container\"><div class=\"qubely-row \">\n<div class=\"wp-block-qubely-column qubely-column qubely-column-front qubely-block-d81d4b\"><div class=\"qubely-column-inner\">\n<div class=\"wp-block-qubely-wrapper qubely-block-d3eeef\"><div class=\"qubely-block-wrapper-block \">\n<h2 class=\"colortext wp-block-heading\"><strong>THE SPOT<\/strong><\/h2>\n\n\n\n<p><strong><a rel=\"noreferrer noopener\" href=\"https:\/\/www.vizz-agency.com\/en\/talents\/djmariio\/\" target=\"_blank\">DjMariio<\/a><\/strong>, along with the dancer and tiktoker Lidia Rauet and the singer Miki N\u00fa\u00f1ez, became the ambassador and face of the <strong>Yatekomo&#8217;s 2021 campaign: Generaci\u00f3n Ya<\/strong>. <\/p>\n\n\n\n<p>In an amusing spot, Yatekomo tested the patience levels of the so-called \u201cGeneration Ya\u201d. The conclusion was that it was 3 minutes, the same time it takes to make a Yatekomo.<\/p>\n\n\n\n<p>In addition to recording the group spot and two other individual spots, DjMariio published content about the brand on his social media and live eating Yatekomo several times. The brand also held special prize draws with the creator.<\/p>\n<\/div><\/div>\n<\/div><\/div>\n\n\n\n<div class=\"wp-block-qubely-column qubely-column qubely-column-front qubely-block-fe207c\"><div class=\"qubely-column-inner\">\n<div class=\"wp-block-qubely-image qubely-block-3b3fd0\"><div class=\"qubely-block-image  qubely-image-layout-simple\"><div class=\"qubely-image-media qubely-vertical-alignment-center qubely-horizontal-alignment-center\"><figure><div class=\"qubely-image-container\"><img decoding=\"async\" class=\"qubely-image-image\" src=\"https:\/\/img.blogs.es\/vizzagency\/wp-content\/uploads\/2022\/05\/yatekomo-3.jpg\" alt=\"Yatekomo Generaci\u00f3n Ya DjMariio con Miki Nu\u00f1ez y Lidia Rauet\"\/><\/div><\/figure><\/div><\/div><\/div>\n<\/div><\/div>\n<\/div><\/div><\/div>\n\n\n\n<div class=\"wp-block-qubely-row qubely-section qubely-block-2a21c1\"><div class=\"qubely-row-overlay\"><\/div><div class=\"qubely-container\"><div class=\"qubely-row \">\n<div class=\"wp-block-qubely-column qubely-column qubely-column-front qubely-block-f1400a\"><div class=\"qubely-column-inner\">\n<div class=\"wp-block-qubely-image qubely-block-9e8236\"><div class=\"qubely-block-image  qubely-image-layout-simple\"><div class=\"qubely-image-media qubely-vertical-alignment-center qubely-horizontal-alignment-center\"><figure><div class=\"qubely-image-container\"><img decoding=\"async\" class=\"qubely-image-image\" src=\"https:\/\/img.blogs.es\/vizzagency\/wp-content\/uploads\/2022\/05\/yatekomo-6.jpg\" alt=\"Yatekomo Generaci\u00f3n Ya\"\/><\/div><\/figure><\/div><\/div><\/div>\n<\/div><\/div>\n\n\n\n<div class=\"wp-block-qubely-column qubely-column qubely-column-front qubely-block-61065a\"><div class=\"qubely-column-inner\">\n<div class=\"wp-block-qubely-wrapper qubely-block-b58083\"><div class=\"qubely-block-wrapper-block \">\n<h2 class=\"colortext wp-block-heading\"><strong>THE REPERCUSSION<\/strong><\/h2>\n\n\n\n<p>DjMariio became a huge Yatekomo supporter, committing himself to the brand and falling in love with the product. <\/p>\n\n\n\n<p>IIn all his brand activation videos, eating the product or showing it, he reached <strong>more than 3 million views<\/strong> and on his social media, Instagram and Twitter, he also had <strong>more than 3 million impressions<\/strong>.<\/p>\n<\/div><\/div>\n<\/div><\/div>\n<\/div><\/div><\/div>\n\n\n\n<div class=\"wp-block-qubely-row alignfull qubely-section qubely-block-53d6fe\"><div class=\"qubely-row-overlay\"><\/div><div class=\"qubely-container\"><div class=\"qubely-row \">\n<div class=\"wp-block-qubely-column qubely-column qubely-column-front qubely-block-9f4a43\"><div class=\"qubely-column-inner\">\n<div class=\"wp-block-qubely-videopopup qubely-block-201a1a\"><div class=\"qubely-block-videopopup-wrapper  qubely-alignment-center\"><div class=\"qubely-block-videopopup-overlay\"><\/div><div class=\"qubely-block-videopopup qubely-size-custom\"><a class=\"qubely-video-popup\" href=\"https:\/\/www.youtube.com\/watch?v=6V8Pkgxm5_k\"><i class=\"qubely-btn-icon fas fa-play\"><span class=\"qubely-ripple\"><\/span><\/i><\/a><\/div><\/div><\/div>\n<\/div><\/div>\n<\/div><\/div><\/div>\n\n\n\n<div style=\"height:30px\" aria-hidden=\"true\" class=\"wp-block-spacer\"><\/div>\n\n\n\n<div class=\"wp-block-cb-carousel alignfull\" data-slick=\"{&quot;slidesToShow&quot;:3,&quot;slidesToScroll&quot;:1,&quot;speed&quot;:300,&quot;arrows&quot;:true,&quot;dots&quot;:true,&quot;autoplay&quot;:true,&quot;autoplaySpeed&quot;:3000,&quot;infinite&quot;:true,&quot;responsive&quot;:[{&quot;breakpoint&quot;:769,&quot;settings&quot;:{&quot;slidesToShow&quot;:1,&quot;slidesToScroll&quot;:1}}]}\">\n<div class=\"wp-block-cb-slide\">\n<div class=\"wp-block-qubely-image qubely-block-651f67\"><div class=\"qubely-block-image  qubely-image-layout-simple\"><div class=\"qubely-image-media qubely-vertical-alignment-center qubely-horizontal-alignment-center\"><figure><div class=\"qubely-image-container\"><img decoding=\"async\" class=\"qubely-image-image\" src=\"https:\/\/img.blogs.es\/vizzagency\/wp-content\/uploads\/2022\/05\/yatekomo-2.jpg\" alt=\"Fotograf\u00eda de DjMariio comiendo Yatekomo\"\/><\/div><\/figure><\/div><\/div><\/div>\n<\/div>\n\n\n\n<div class=\"wp-block-cb-slide\">\n<div class=\"wp-block-qubely-image qubely-block-a924a3\"><div class=\"qubely-block-image  qubely-image-layout-simple\"><div class=\"qubely-image-media qubely-vertical-alignment-center qubely-horizontal-alignment-center\"><figure><div class=\"qubely-image-container\"><img decoding=\"async\" class=\"qubely-image-image\" src=\"https:\/\/img.blogs.es\/vizzagency\/wp-content\/uploads\/2022\/05\/yatekomo-5.jpg\" alt=\"Cartel de un concurso de DjMariio con Yatekomo\"\/><\/div><\/figure><\/div><\/div><\/div>\n<\/div>\n\n\n\n<div class=\"wp-block-cb-slide\">\n<div class=\"wp-block-qubely-image qubely-block-bbd1c9\"><div class=\"qubely-block-image  qubely-image-layout-simple\"><div class=\"qubely-image-media qubely-vertical-alignment-center qubely-horizontal-alignment-center\"><figure><div class=\"qubely-image-container\"><img decoding=\"async\" class=\"qubely-image-image\" src=\"https:\/\/img.blogs.es\/vizzagency\/wp-content\/uploads\/2022\/05\/yatekomo-4.jpg\" alt=\"Yatekomo Generaci\u00f3n Ya DjMariio con sus compa\u00f1eros de anuncio\"\/><\/div><\/figure><\/div><\/div><\/div>\n<\/div>\n\n\n\n<div class=\"wp-block-cb-slide\">\n<div class=\"wp-block-qubely-image qubely-block-61a0e8\"><div class=\"qubely-block-image  qubely-image-layout-simple\"><div class=\"qubely-image-media qubely-vertical-alignment-center qubely-horizontal-alignment-center\"><figure><div class=\"qubely-image-container\"><img decoding=\"async\" class=\"qubely-image-image\" src=\"https:\/\/img.blogs.es\/vizzagency\/wp-content\/uploads\/2022\/05\/yatekomo-1.jpg\" alt=\"Fotograf\u00eda de DjMariio con un Yatekomo\"\/><\/div><\/figure><\/div><\/div><\/div>\n<\/div>\n<\/div>\n\n\n\n<div class=\"wp-block-qubely-row qubely-section qubely-block-ce6377  vnav\"><div class=\"qubely-row-overlay\"><\/div><div class=\"qubely-container\"><div class=\"qubely-row \">\n<div class=\"wp-block-qubely-column qubely-column qubely-column-front qubely-block-8f52fd\"><div class=\"qubely-column-inner\">\n<div class=\"wp-block-qubely-button qubely-block-bdf0a3\"><div class=\"qubely-block-btn-wrapper \"><div class=\"qubely-block-btn\"><a class=\"qubely-block-btn-anchor is-custom\" href=\"\/en\/best-cases\/the-gaming-family\/\"><i class=\"qubely-btn-icon fas fa-arrow-left\"><\/i>THE GAMING FAMILY<\/a><\/div><\/div><\/div>\n<\/div><\/div>\n\n\n\n<div class=\"wp-block-qubely-column qubely-column qubely-column-front qubely-block-b1f860\"><div class=\"qubely-column-inner\">\n<div class=\"wp-block-qubely-button qubely-block-7f204b\"><div class=\"qubely-block-btn-wrapper \"><div class=\"qubely-block-btn\"><a class=\"qubely-block-btn-anchor is-custom\" href=\"\/en\/best-cases\/dominos-originals\/\">DOMINO&#8217;S ORIGINALS<i class=\"qubely-btn-icon fas fa-arrow-right\"><\/i><\/a><\/div><\/div><\/div>\n<\/div><\/div>\n<\/div><\/div><\/div>\n","protected":false},"excerpt":{"rendered":"","protected":false},"author":4,"featured_media":0,"parent":2240,"menu_order":0,"comment_status":"closed","ping_status":"closed","template":"","meta":{"qubely_global_settings":"","qubely_interactions":"","inline_featured_image":false,"footnotes":""},"class_list":["post-5328","page","type-page","status-publish","hentry"],"blocksy_meta":{"styles_descriptor":{"styles":{"desktop":"","tablet":"","mobile":""},"google_fonts":[],"version":6}},"yoast_head":"<!-- This site is optimized with the Yoast SEO plugin v25.1 - https:\/\/yoast.com\/wordpress\/plugins\/seo\/ -->\n<title>Yatekomo &quot;Generaci\u00f3n Ya&quot; | Vizz Agency<\/title>\n<meta name=\"robots\" content=\"index, follow, max-snippet:-1, max-image-preview:large, max-video-preview:-1\" \/>\n<link rel=\"canonical\" href=\"https:\/\/www.vizz-agency.com\/en\/best-cases\/yatekomo-generacion-ya\/\" \/>\n<meta property=\"og:locale\" content=\"en_US\" \/>\n<meta property=\"og:type\" content=\"article\" \/>\n<meta property=\"og:title\" content=\"Yatekomo &quot;Generaci\u00f3n Ya&quot; | Vizz Agency\" \/>\n<meta property=\"og:url\" content=\"https:\/\/www.vizz-agency.com\/en\/best-cases\/yatekomo-generacion-ya\/\" \/>\n<meta property=\"og:site_name\" content=\"Vizz Agency\" \/>\n<meta property=\"article:modified_time\" content=\"2022-10-26T14:29:58+00:00\" \/>\n<meta property=\"og:image\" content=\"https:\/\/img.blogs.es\/vizzagency\/wp-content\/uploads\/2022\/05\/yatekomo-3.jpg\" \/>\n<meta name=\"twitter:card\" content=\"summary_large_image\" \/>\n<meta name=\"twitter:site\" content=\"@VizzAgency\" \/>\n<meta name=\"twitter:label1\" content=\"Est. reading time\" \/>\n\t<meta name=\"twitter:data1\" content=\"2 minutes\" \/>\n<script type=\"application\/ld+json\" class=\"yoast-schema-graph\">{\"@context\":\"https:\/\/schema.org\",\"@graph\":[{\"@type\":\"WebPage\",\"@id\":\"https:\/\/www.vizz-agency.com\/en\/best-cases\/yatekomo-generacion-ya\/\",\"url\":\"https:\/\/www.vizz-agency.com\/en\/best-cases\/yatekomo-generacion-ya\/\",\"name\":\"Yatekomo \\\"Generaci\u00f3n Ya\\\" | Vizz Agency\",\"isPartOf\":{\"@id\":\"https:\/\/www.vizz-agency.com\/#website\"},\"primaryImageOfPage\":{\"@id\":\"https:\/\/www.vizz-agency.com\/en\/best-cases\/yatekomo-generacion-ya\/#primaryimage\"},\"image\":{\"@id\":\"https:\/\/www.vizz-agency.com\/en\/best-cases\/yatekomo-generacion-ya\/#primaryimage\"},\"thumbnailUrl\":\"https:\/\/img.blogs.es\/vizzagency\/wp-content\/uploads\/2022\/05\/yatekomo-3.jpg\",\"datePublished\":\"2022-05-24T09:40:13+00:00\",\"dateModified\":\"2022-10-26T14:29:58+00:00\",\"breadcrumb\":{\"@id\":\"https:\/\/www.vizz-agency.com\/en\/best-cases\/yatekomo-generacion-ya\/#breadcrumb\"},\"inLanguage\":\"en-US\",\"potentialAction\":[{\"@type\":\"ReadAction\",\"target\":[\"https:\/\/www.vizz-agency.com\/en\/best-cases\/yatekomo-generacion-ya\/\"]}]},{\"@type\":\"ImageObject\",\"inLanguage\":\"en-US\",\"@id\":\"https:\/\/www.vizz-agency.com\/en\/best-cases\/yatekomo-generacion-ya\/#primaryimage\",\"url\":\"https:\/\/img.blogs.es\/vizzagency\/wp-content\/uploads\/2022\/05\/yatekomo-3.jpg\",\"contentUrl\":\"https:\/\/img.blogs.es\/vizzagency\/wp-content\/uploads\/2022\/05\/yatekomo-3.jpg\"},{\"@type\":\"BreadcrumbList\",\"@id\":\"https:\/\/www.vizz-agency.com\/en\/best-cases\/yatekomo-generacion-ya\/#breadcrumb\",\"itemListElement\":[{\"@type\":\"ListItem\",\"position\":1,\"name\":\"Home\",\"item\":\"https:\/\/www.vizz-agency.com\/en\/\"},{\"@type\":\"ListItem\",\"position\":2,\"name\":\"Best cases\",\"item\":\"https:\/\/www.vizz-agency.com\/en\/best-cases\/\"},{\"@type\":\"ListItem\",\"position\":3,\"name\":\"Yatekomo \u00abGeneraci\u00f3n Ya\u00bb\"}]},{\"@type\":\"WebSite\",\"@id\":\"https:\/\/www.vizz-agency.com\/#website\",\"url\":\"https:\/\/www.vizz-agency.com\/\",\"name\":\"Vizz Agency\",\"description\":\"Los mejores creadores de contenido. 10 a\u00f1os a la vanguardia del entretenimiento digital\",\"publisher\":{\"@id\":\"https:\/\/www.vizz-agency.com\/#organization\"},\"potentialAction\":[{\"@type\":\"SearchAction\",\"target\":{\"@type\":\"EntryPoint\",\"urlTemplate\":\"https:\/\/www.vizz-agency.com\/?s={search_term_string}\"},\"query-input\":{\"@type\":\"PropertyValueSpecification\",\"valueRequired\":true,\"valueName\":\"search_term_string\"}}],\"inLanguage\":\"en-US\"},{\"@type\":\"Organization\",\"@id\":\"https:\/\/www.vizz-agency.com\/#organization\",\"name\":\"Vizz Agency\",\"url\":\"https:\/\/www.vizz-agency.com\/\",\"logo\":{\"@type\":\"ImageObject\",\"inLanguage\":\"en-US\",\"@id\":\"https:\/\/www.vizz-agency.com\/#\/schema\/logo\/image\/\",\"url\":\"https:\/\/img.blogs.es\/vizzagency\/wp-content\/uploads\/2022\/09\/vizz-webedia.svg\",\"contentUrl\":\"https:\/\/img.blogs.es\/vizzagency\/wp-content\/uploads\/2022\/09\/vizz-webedia.svg\",\"width\":1369,\"height\":400,\"caption\":\"Vizz Agency\"},\"image\":{\"@id\":\"https:\/\/www.vizz-agency.com\/#\/schema\/logo\/image\/\"},\"sameAs\":[\"https:\/\/x.com\/VizzAgency\",\"https:\/\/www.linkedin.com\/company\/vizz-agency\/\"]}]}<\/script>\n<!-- \/ Yoast SEO plugin. -->","yoast_head_json":{"title":"Yatekomo \"Generaci\u00f3n Ya\" | Vizz Agency","robots":{"index":"index","follow":"follow","max-snippet":"max-snippet:-1","max-image-preview":"max-image-preview:large","max-video-preview":"max-video-preview:-1"},"canonical":"https:\/\/www.vizz-agency.com\/en\/best-cases\/yatekomo-generacion-ya\/","og_locale":"en_US","og_type":"article","og_title":"Yatekomo \"Generaci\u00f3n Ya\" | Vizz Agency","og_url":"https:\/\/www.vizz-agency.com\/en\/best-cases\/yatekomo-generacion-ya\/","og_site_name":"Vizz Agency","article_modified_time":"2022-10-26T14:29:58+00:00","og_image":[{"url":"https:\/\/img.blogs.es\/vizzagency\/wp-content\/uploads\/2022\/05\/yatekomo-3.jpg","type":"","width":"","height":""}],"twitter_card":"summary_large_image","twitter_site":"@VizzAgency","twitter_misc":{"Est. reading time":"2 minutes"},"schema":{"@context":"https:\/\/schema.org","@graph":[{"@type":"WebPage","@id":"https:\/\/www.vizz-agency.com\/en\/best-cases\/yatekomo-generacion-ya\/","url":"https:\/\/www.vizz-agency.com\/en\/best-cases\/yatekomo-generacion-ya\/","name":"Yatekomo \"Generaci\u00f3n Ya\" | Vizz Agency","isPartOf":{"@id":"https:\/\/www.vizz-agency.com\/#website"},"primaryImageOfPage":{"@id":"https:\/\/www.vizz-agency.com\/en\/best-cases\/yatekomo-generacion-ya\/#primaryimage"},"image":{"@id":"https:\/\/www.vizz-agency.com\/en\/best-cases\/yatekomo-generacion-ya\/#primaryimage"},"thumbnailUrl":"https:\/\/img.blogs.es\/vizzagency\/wp-content\/uploads\/2022\/05\/yatekomo-3.jpg","datePublished":"2022-05-24T09:40:13+00:00","dateModified":"2022-10-26T14:29:58+00:00","breadcrumb":{"@id":"https:\/\/www.vizz-agency.com\/en\/best-cases\/yatekomo-generacion-ya\/#breadcrumb"},"inLanguage":"en-US","potentialAction":[{"@type":"ReadAction","target":["https:\/\/www.vizz-agency.com\/en\/best-cases\/yatekomo-generacion-ya\/"]}]},{"@type":"ImageObject","inLanguage":"en-US","@id":"https:\/\/www.vizz-agency.com\/en\/best-cases\/yatekomo-generacion-ya\/#primaryimage","url":"https:\/\/img.blogs.es\/vizzagency\/wp-content\/uploads\/2022\/05\/yatekomo-3.jpg","contentUrl":"https:\/\/img.blogs.es\/vizzagency\/wp-content\/uploads\/2022\/05\/yatekomo-3.jpg"},{"@type":"BreadcrumbList","@id":"https:\/\/www.vizz-agency.com\/en\/best-cases\/yatekomo-generacion-ya\/#breadcrumb","itemListElement":[{"@type":"ListItem","position":1,"name":"Home","item":"https:\/\/www.vizz-agency.com\/en\/"},{"@type":"ListItem","position":2,"name":"Best cases","item":"https:\/\/www.vizz-agency.com\/en\/best-cases\/"},{"@type":"ListItem","position":3,"name":"Yatekomo \u00abGeneraci\u00f3n Ya\u00bb"}]},{"@type":"WebSite","@id":"https:\/\/www.vizz-agency.com\/#website","url":"https:\/\/www.vizz-agency.com\/","name":"Vizz Agency","description":"Los mejores creadores de contenido. 10 a\u00f1os a la vanguardia del entretenimiento digital","publisher":{"@id":"https:\/\/www.vizz-agency.com\/#organization"},"potentialAction":[{"@type":"SearchAction","target":{"@type":"EntryPoint","urlTemplate":"https:\/\/www.vizz-agency.com\/?s={search_term_string}"},"query-input":{"@type":"PropertyValueSpecification","valueRequired":true,"valueName":"search_term_string"}}],"inLanguage":"en-US"},{"@type":"Organization","@id":"https:\/\/www.vizz-agency.com\/#organization","name":"Vizz Agency","url":"https:\/\/www.vizz-agency.com\/","logo":{"@type":"ImageObject","inLanguage":"en-US","@id":"https:\/\/www.vizz-agency.com\/#\/schema\/logo\/image\/","url":"https:\/\/img.blogs.es\/vizzagency\/wp-content\/uploads\/2022\/09\/vizz-webedia.svg","contentUrl":"https:\/\/img.blogs.es\/vizzagency\/wp-content\/uploads\/2022\/09\/vizz-webedia.svg","width":1369,"height":400,"caption":"Vizz Agency"},"image":{"@id":"https:\/\/www.vizz-agency.com\/#\/schema\/logo\/image\/"},"sameAs":["https:\/\/x.com\/VizzAgency","https:\/\/www.linkedin.com\/company\/vizz-agency\/"]}]}},"_links":{"self":[{"href":"https:\/\/www.vizz-agency.com\/en\/wp-json\/wp\/v2\/pages\/5328","targetHints":{"allow":["GET"]}}],"collection":[{"href":"https:\/\/www.vizz-agency.com\/en\/wp-json\/wp\/v2\/pages"}],"about":[{"href":"https:\/\/www.vizz-agency.com\/en\/wp-json\/wp\/v2\/types\/page"}],"author":[{"embeddable":true,"href":"https:\/\/www.vizz-agency.com\/en\/wp-json\/wp\/v2\/users\/4"}],"replies":[{"embeddable":true,"href":"https:\/\/www.vizz-agency.com\/en\/wp-json\/wp\/v2\/comments?post=5328"}],"version-history":[{"count":11,"href":"https:\/\/www.vizz-agency.com\/en\/wp-json\/wp\/v2\/pages\/5328\/revisions"}],"predecessor-version":[{"id":9447,"href":"https:\/\/www.vizz-agency.com\/en\/wp-json\/wp\/v2\/pages\/5328\/revisions\/9447"}],"up":[{"embeddable":true,"href":"https:\/\/www.vizz-agency.com\/en\/wp-json\/wp\/v2\/pages\/2240"}],"wp:attachment":[{"href":"https:\/\/www.vizz-agency.com\/en\/wp-json\/wp\/v2\/media?parent=5328"}],"curies":[{"name":"wp","href":"https:\/\/api.w.org\/{rel}","templated":true}]}}