{"id":10792,"date":"2023-03-16T09:41:16","date_gmt":"2023-03-16T09:41:16","guid":{"rendered":"https:\/\/www.vizz-agency.com\/best-cases\/hbo-max-the-last-of-us\/"},"modified":"2023-05-26T11:07:01","modified_gmt":"2023-05-26T11:07:01","slug":"hbo-max-the-last-of-us","status":"publish","type":"page","link":"https:\/\/www.vizz-agency.com\/en\/best-cases\/hbo-max-the-last-of-us\/","title":{"rendered":"HBO MAX &#8211; The Last Of Us"},"content":{"rendered":"\n<div class=\"wp-block-qubely-row alignfull qubely-section qubely-block-f88006\" id=\"brands\"><div class=\"qubely-row-overlay\"><\/div><div class=\"qubely-container\"><div class=\"qubely-row \">\n<div class=\"wp-block-qubely-column qubely-column qubely-column-front qubely-block-88795c\"><div class=\"qubely-column-inner\">\n<h1 class=\"has-text-align-center has-palette-color-8-color has-text-color wp-block-heading\" style=\"font-size:clamp(2.2rem, 2.2rem + ((1vw - 0.2rem) * 2.25), 4rem);text-transform:uppercase\">HBO MAX &#8211; THE LAST OF US<\/h1>\n<\/div><\/div>\n<\/div><\/div><\/div>\n\n\n\n<div class=\"wp-block-qubely-row qubely-section qubely-block-f05521\"><div class=\"qubely-row-overlay\"><\/div><div class=\"qubely-container\"><div class=\"qubely-row \">\n<div class=\"wp-block-qubely-column qubely-column qubely-column-front qubely-block-cfde3b\"><div class=\"qubely-column-inner\">\n<div class=\"wp-block-qubely-wrapper qubely-block-2e1faf\"><div class=\"qubely-block-wrapper-block \">\n<h2 class=\"colortext wp-block-heading\"><strong>THE CAMPAIGN<\/strong><\/h2>\n\n\n\n<p>For the release of <strong>The Last Of Us<\/strong> series, <strong>HBO Max<\/strong> enlisted the participation of various streamers to provide coverage and an active follow up of the series. In a total of 6 streamings, we were able to see <strong><a href=\"https:\/\/www.vizz-agency.com\/en\/top-creators\/illojuan\/\">IlloJuan<\/a><\/strong>, <a href=\"https:\/\/www.vizz-agency.com\/en\/top-creators\/el-bokeron\/\" target=\"_blank\" rel=\"noreferrer noopener\"><strong>ElBokeron<\/strong><\/a>, <a href=\"https:\/\/www.vizz-agency.com\/talentos\/alexby\/\" target=\"_blank\" rel=\"noreferrer noopener\"><strong>Alexby<\/strong><\/a>, <a href=\"https:\/\/www.vizz-agency.com\/en\/top-creators\/aroyitt\/\" target=\"_blank\" rel=\"noreferrer noopener\"><strong>Aroyitt<\/strong><\/a>, <a href=\"https:\/\/www.vizz-agency.com\/en\/top-creators\/maximus\/\" target=\"_blank\" rel=\"noreferrer noopener\"><strong>Maximus<\/strong><\/a>, and <strong><a href=\"https:\/\/www.vizz-agency.com\/en\/top-creators\/cristinini\/\">Cristinini<\/a><\/strong> enjoying and discussing the events of the series with their audience.<\/p>\n\n\n\n<p>To create a narrative thread between the episodes and the activations of different content creators, the <strong>iconic backpack of Joel<\/strong> used,<strong> <\/strong>which traveled to different setups,<strong> <\/strong>containing various gadgets and objects. These objects were used to evoke the universe of the series, giving clues about what they had seen in the episode, allowing the streamers to make their own theories about what was to come.<\/p>\n\n\n\n<p>  <\/p>\n<\/div><\/div>\n<\/div><\/div>\n\n\n\n<div class=\"wp-block-qubely-column qubely-column qubely-column-front qubely-block-e75132\"><div class=\"qubely-column-inner\">\n<div class=\"wp-block-qubely-image qubely-block-01f591\"><div class=\"qubely-block-image  qubely-image-layout-simple\"><div class=\"qubely-image-media qubely-vertical-alignment-center qubely-horizontal-alignment-center\"><figure><div class=\"qubely-image-container\"><img decoding=\"async\" class=\"qubely-image-image\" src=\"https:\/\/img.blogs.es\/vizzagency\/wp-content\/uploads\/2023\/03\/tlou-1.jpg\" alt=\"Cartela de inicio de The Last Of Us en los directos\"\/><\/div><\/figure><\/div><\/div><\/div>\n<\/div><\/div>\n<\/div><\/div><\/div>\n\n\n\n<div class=\"wp-block-qubely-row qubely-section qubely-block-390763\"><div class=\"qubely-row-overlay\"><\/div><div class=\"qubely-container\"><div class=\"qubely-row \">\n<div class=\"wp-block-qubely-column qubely-column qubely-column-front qubely-block-94af31\"><div class=\"qubely-column-inner\">\n<div class=\"wp-block-qubely-image qubely-block-3fc12a\"><div class=\"qubely-block-image  qubely-image-layout-simple\"><div class=\"qubely-image-media qubely-vertical-alignment-center qubely-horizontal-alignment-center\"><figure><div class=\"qubely-image-container\"><img decoding=\"async\" class=\"qubely-image-image\" src=\"https:\/\/img.blogs.es\/vizzagency\/wp-content\/uploads\/2023\/03\/tlou-2.jpg\" alt=\"Fotograma del primer directo de la campa\u00f1a con IlloJuan, Masi y Andr\u00e9s\"\/><\/div><\/figure><\/div><\/div><\/div>\n<\/div><\/div>\n\n\n\n<div class=\"wp-block-qubely-column qubely-column qubely-column-front qubely-block-f176f8\"><div class=\"qubely-column-inner\">\n<div class=\"wp-block-qubely-wrapper qubely-block-c7091d\"><div class=\"qubely-block-wrapper-block \">\n<h2 class=\"colortext wp-block-heading\"><strong>THE REPERCUSSION<\/strong><\/h2>\n\n\n\n<p>The activations were mainly on Twitch with a replica of small paid content capsules on HBO&#8217;s social networks. <\/p>\n\n\n\n<p>In total, there were over <strong>2.8 million impressions<\/strong> across all the content creator activations, including mentions during the streamings and posts on social media.<\/p>\n\n\n\n<p>Additionally, the feedback from the audience was exceptional.<\/p>\n<\/div><\/div>\n<\/div><\/div>\n<\/div><\/div><\/div>\n\n\n\n<div style=\"height:30px\" aria-hidden=\"true\" class=\"wp-block-spacer\"><\/div>\n\n\n\n<div class=\"wp-block-cb-carousel alignfull\" data-slick=\"{&quot;slidesToShow&quot;:3,&quot;slidesToScroll&quot;:1,&quot;speed&quot;:300,&quot;arrows&quot;:true,&quot;dots&quot;:true,&quot;autoplay&quot;:true,&quot;autoplaySpeed&quot;:3000,&quot;infinite&quot;:true,&quot;responsive&quot;:[{&quot;breakpoint&quot;:769,&quot;settings&quot;:{&quot;slidesToShow&quot;:1,&quot;slidesToScroll&quot;:1}}]}\">\n<div class=\"wp-block-cb-slide\">\n<div class=\"wp-block-qubely-image qubely-block-841bb3\"><div class=\"qubely-block-image  qubely-image-layout-simple\"><div class=\"qubely-image-media qubely-vertical-alignment-center qubely-horizontal-alignment-center\"><figure><div class=\"qubely-image-container\"><img decoding=\"async\" class=\"qubely-image-image\" src=\"https:\/\/img.blogs.es\/vizzagency\/wp-content\/uploads\/2023\/03\/tlou-3.jpg\" alt=\"Fotograma del segundo directo de la campa\u00f1a con Alexby\"\/><\/div><\/figure><\/div><\/div><\/div>\n<\/div>\n\n\n\n<div class=\"wp-block-cb-slide\">\n<div class=\"wp-block-qubely-image qubely-block-2dd576\"><div class=\"qubely-block-image  qubely-image-layout-simple\"><div class=\"qubely-image-media qubely-vertical-alignment-center qubely-horizontal-alignment-center\"><figure><div class=\"qubely-image-container\"><img decoding=\"async\" class=\"qubely-image-image\" src=\"https:\/\/img.blogs.es\/vizzagency\/wp-content\/uploads\/2023\/03\/tlou-4.jpg\" alt=\"Fotograma del segundo directo de la campa\u00f1a con Paula Gonu\"\/><\/div><\/figure><\/div><\/div><\/div>\n<\/div>\n\n\n\n<div class=\"wp-block-cb-slide\">\n<div class=\"wp-block-qubely-image qubely-block-52de07\"><div class=\"qubely-block-image  qubely-image-layout-simple\"><div class=\"qubely-image-media qubely-vertical-alignment-center qubely-horizontal-alignment-center\"><figure><div class=\"qubely-image-container\"><img decoding=\"async\" class=\"qubely-image-image\" src=\"https:\/\/img.blogs.es\/vizzagency\/wp-content\/uploads\/2023\/03\/tlou-5.jpg\" alt=\"Fotograma del tercer directo de la campa\u00f1a con Aroyitt\"\/><\/div><\/figure><\/div><\/div><\/div>\n<\/div>\n\n\n\n<div class=\"wp-block-cb-slide\">\n<div class=\"wp-block-qubely-image qubely-block-37e88c\"><div class=\"qubely-block-image  qubely-image-layout-simple\"><div class=\"qubely-image-media qubely-vertical-alignment-center qubely-horizontal-alignment-center\"><figure><div class=\"qubely-image-container\"><img decoding=\"async\" class=\"qubely-image-image\" src=\"https:\/\/img.blogs.es\/vizzagency\/wp-content\/uploads\/2023\/03\/tlou-6.jpg\" alt=\"Fotograma del cuarto directo de la campa\u00f1a con Maximus\"\/><\/div><\/figure><\/div><\/div><\/div>\n<\/div>\n\n\n\n<div class=\"wp-block-cb-slide\">\n<div class=\"wp-block-qubely-image qubely-block-94e2d4\"><div class=\"qubely-block-image  qubely-image-layout-simple\"><div class=\"qubely-image-media qubely-vertical-alignment-center qubely-horizontal-alignment-center\"><figure><div class=\"qubely-image-container\"><img decoding=\"async\" class=\"qubely-image-image\" src=\"https:\/\/img.blogs.es\/vizzagency\/wp-content\/uploads\/2023\/03\/tlou-7.jpg\" alt=\"Fotograma del \u00faltimo directo de la campa\u00f1a con Cristinini y Andr\u00e9s\"\/><\/div><\/figure><\/div><\/div><\/div>\n<\/div>\n<\/div>\n\n\n\n<div class=\"wp-block-qubely-row qubely-section qubely-block-31703d  vnav\"><div class=\"qubely-row-overlay\"><\/div><div class=\"qubely-container\"><div class=\"qubely-row \">\n<div class=\"wp-block-qubely-column qubely-column qubely-column-front qubely-block-1f7254\"><div class=\"qubely-column-inner\">\n<div class=\"wp-block-qubely-button qubely-block-a24fe0\"><div class=\"qubely-block-btn-wrapper \"><div class=\"qubely-block-btn\"><a class=\"qubely-block-btn-anchor is-custom\" href=\"https:\/\/www.vizz-agency.com\/en\/best-cases\/rubiusx\/\"><i class=\"qubely-btn-icon fas fa-arrow-left\"><\/i>RUBIUS X<\/a><\/div><\/div><\/div>\n<\/div><\/div>\n\n\n\n<div class=\"wp-block-qubely-column qubely-column qubely-column-front qubely-block-e49b24\"><div class=\"qubely-column-inner\">\n<div class=\"wp-block-qubely-button qubely-block-515ff7\"><div class=\"qubely-block-btn-wrapper \"><div class=\"qubely-block-btn\"><a class=\"qubely-block-btn-anchor is-custom\" href=\"https:\/\/www.vizz-agency.com\/en\/best-cases\/spiderman-no-way-home\/\">spider-man: No way home<i class=\"qubely-btn-icon fas fa-arrow-right\"><\/i><\/a><\/div><\/div><\/div>\n<\/div><\/div>\n<\/div><\/div><\/div>\n","protected":false},"excerpt":{"rendered":"","protected":false},"author":4,"featured_media":0,"parent":2240,"menu_order":0,"comment_status":"closed","ping_status":"closed","template":"","meta":{"qubely_global_settings":"","qubely_interactions":"","inline_featured_image":false,"footnotes":""},"class_list":["post-10792","page","type-page","status-publish","hentry"],"blocksy_meta":{"styles_descriptor":{"styles":{"desktop":"","tablet":"","mobile":""},"google_fonts":[],"version":6}},"yoast_head":"<!-- This site is optimized with the Yoast SEO plugin v25.1 - https:\/\/yoast.com\/wordpress\/plugins\/seo\/ -->\n<title>HBO MAX - The Last Of Us | Vizz Agency<\/title>\n<meta name=\"description\" content=\"The campaign with 6 streamers were they reviewed each chapter of the HBO Max&#039; series: The Last of Us.\" \/>\n<meta name=\"robots\" content=\"index, follow, max-snippet:-1, max-image-preview:large, max-video-preview:-1\" \/>\n<link rel=\"canonical\" href=\"https:\/\/www.vizz-agency.com\/en\/best-cases\/hbo-max-the-last-of-us\/\" \/>\n<meta property=\"og:locale\" content=\"en_US\" \/>\n<meta property=\"og:type\" content=\"article\" \/>\n<meta property=\"og:title\" content=\"HBO MAX - The Last Of Us | Vizz Agency\" \/>\n<meta property=\"og:description\" content=\"The campaign with 6 streamers were they reviewed each chapter of the HBO Max&#039; series: The Last of Us.\" \/>\n<meta property=\"og:url\" content=\"https:\/\/www.vizz-agency.com\/en\/best-cases\/hbo-max-the-last-of-us\/\" \/>\n<meta property=\"og:site_name\" content=\"Vizz Agency\" \/>\n<meta property=\"article:modified_time\" content=\"2023-05-26T11:07:01+00:00\" \/>\n<meta property=\"og:image\" content=\"https:\/\/img.blogs.es\/vizzagency\/wp-content\/uploads\/2023\/03\/tlou-1.jpg\" \/>\n<meta name=\"twitter:card\" content=\"summary_large_image\" \/>\n<meta name=\"twitter:site\" content=\"@VizzAgency\" \/>\n<meta name=\"twitter:label1\" content=\"Est. reading time\" \/>\n\t<meta name=\"twitter:data1\" content=\"3 minutes\" \/>\n<script type=\"application\/ld+json\" class=\"yoast-schema-graph\">{\"@context\":\"https:\/\/schema.org\",\"@graph\":[{\"@type\":\"WebPage\",\"@id\":\"https:\/\/www.vizz-agency.com\/en\/best-cases\/hbo-max-the-last-of-us\/\",\"url\":\"https:\/\/www.vizz-agency.com\/en\/best-cases\/hbo-max-the-last-of-us\/\",\"name\":\"HBO MAX - The Last Of Us | Vizz Agency\",\"isPartOf\":{\"@id\":\"https:\/\/www.vizz-agency.com\/#website\"},\"primaryImageOfPage\":{\"@id\":\"https:\/\/www.vizz-agency.com\/en\/best-cases\/hbo-max-the-last-of-us\/#primaryimage\"},\"image\":{\"@id\":\"https:\/\/www.vizz-agency.com\/en\/best-cases\/hbo-max-the-last-of-us\/#primaryimage\"},\"thumbnailUrl\":\"https:\/\/img.blogs.es\/vizzagency\/wp-content\/uploads\/2023\/03\/tlou-1.jpg\",\"datePublished\":\"2023-03-16T09:41:16+00:00\",\"dateModified\":\"2023-05-26T11:07:01+00:00\",\"description\":\"The campaign with 6 streamers were they reviewed each chapter of the HBO Max' series: The Last of Us.\",\"breadcrumb\":{\"@id\":\"https:\/\/www.vizz-agency.com\/en\/best-cases\/hbo-max-the-last-of-us\/#breadcrumb\"},\"inLanguage\":\"en-US\",\"potentialAction\":[{\"@type\":\"ReadAction\",\"target\":[\"https:\/\/www.vizz-agency.com\/en\/best-cases\/hbo-max-the-last-of-us\/\"]}]},{\"@type\":\"ImageObject\",\"inLanguage\":\"en-US\",\"@id\":\"https:\/\/www.vizz-agency.com\/en\/best-cases\/hbo-max-the-last-of-us\/#primaryimage\",\"url\":\"https:\/\/img.blogs.es\/vizzagency\/wp-content\/uploads\/2023\/03\/tlou-1.jpg\",\"contentUrl\":\"https:\/\/img.blogs.es\/vizzagency\/wp-content\/uploads\/2023\/03\/tlou-1.jpg\"},{\"@type\":\"BreadcrumbList\",\"@id\":\"https:\/\/www.vizz-agency.com\/en\/best-cases\/hbo-max-the-last-of-us\/#breadcrumb\",\"itemListElement\":[{\"@type\":\"ListItem\",\"position\":1,\"name\":\"Home\",\"item\":\"https:\/\/www.vizz-agency.com\/en\/\"},{\"@type\":\"ListItem\",\"position\":2,\"name\":\"Best cases\",\"item\":\"https:\/\/www.vizz-agency.com\/en\/best-cases\/\"},{\"@type\":\"ListItem\",\"position\":3,\"name\":\"HBO MAX &#8211; The Last Of Us\"}]},{\"@type\":\"WebSite\",\"@id\":\"https:\/\/www.vizz-agency.com\/#website\",\"url\":\"https:\/\/www.vizz-agency.com\/\",\"name\":\"Vizz Agency\",\"description\":\"Los mejores creadores de contenido. 10 a\u00f1os a la vanguardia del entretenimiento digital\",\"publisher\":{\"@id\":\"https:\/\/www.vizz-agency.com\/#organization\"},\"potentialAction\":[{\"@type\":\"SearchAction\",\"target\":{\"@type\":\"EntryPoint\",\"urlTemplate\":\"https:\/\/www.vizz-agency.com\/?s={search_term_string}\"},\"query-input\":{\"@type\":\"PropertyValueSpecification\",\"valueRequired\":true,\"valueName\":\"search_term_string\"}}],\"inLanguage\":\"en-US\"},{\"@type\":\"Organization\",\"@id\":\"https:\/\/www.vizz-agency.com\/#organization\",\"name\":\"Vizz Agency\",\"url\":\"https:\/\/www.vizz-agency.com\/\",\"logo\":{\"@type\":\"ImageObject\",\"inLanguage\":\"en-US\",\"@id\":\"https:\/\/www.vizz-agency.com\/#\/schema\/logo\/image\/\",\"url\":\"https:\/\/img.blogs.es\/vizzagency\/wp-content\/uploads\/2022\/09\/vizz-webedia.svg\",\"contentUrl\":\"https:\/\/img.blogs.es\/vizzagency\/wp-content\/uploads\/2022\/09\/vizz-webedia.svg\",\"width\":1369,\"height\":400,\"caption\":\"Vizz Agency\"},\"image\":{\"@id\":\"https:\/\/www.vizz-agency.com\/#\/schema\/logo\/image\/\"},\"sameAs\":[\"https:\/\/x.com\/VizzAgency\",\"https:\/\/www.linkedin.com\/company\/vizz-agency\/\"]}]}<\/script>\n<!-- \/ Yoast SEO plugin. -->","yoast_head_json":{"title":"HBO MAX - The Last Of Us | Vizz Agency","description":"The campaign with 6 streamers were they reviewed each chapter of the HBO Max' series: The Last of Us.","robots":{"index":"index","follow":"follow","max-snippet":"max-snippet:-1","max-image-preview":"max-image-preview:large","max-video-preview":"max-video-preview:-1"},"canonical":"https:\/\/www.vizz-agency.com\/en\/best-cases\/hbo-max-the-last-of-us\/","og_locale":"en_US","og_type":"article","og_title":"HBO MAX - The Last Of Us | Vizz Agency","og_description":"The campaign with 6 streamers were they reviewed each chapter of the HBO Max' series: The Last of Us.","og_url":"https:\/\/www.vizz-agency.com\/en\/best-cases\/hbo-max-the-last-of-us\/","og_site_name":"Vizz Agency","article_modified_time":"2023-05-26T11:07:01+00:00","og_image":[{"url":"https:\/\/img.blogs.es\/vizzagency\/wp-content\/uploads\/2023\/03\/tlou-1.jpg","type":"","width":"","height":""}],"twitter_card":"summary_large_image","twitter_site":"@VizzAgency","twitter_misc":{"Est. reading time":"3 minutes"},"schema":{"@context":"https:\/\/schema.org","@graph":[{"@type":"WebPage","@id":"https:\/\/www.vizz-agency.com\/en\/best-cases\/hbo-max-the-last-of-us\/","url":"https:\/\/www.vizz-agency.com\/en\/best-cases\/hbo-max-the-last-of-us\/","name":"HBO MAX - The Last Of Us | Vizz Agency","isPartOf":{"@id":"https:\/\/www.vizz-agency.com\/#website"},"primaryImageOfPage":{"@id":"https:\/\/www.vizz-agency.com\/en\/best-cases\/hbo-max-the-last-of-us\/#primaryimage"},"image":{"@id":"https:\/\/www.vizz-agency.com\/en\/best-cases\/hbo-max-the-last-of-us\/#primaryimage"},"thumbnailUrl":"https:\/\/img.blogs.es\/vizzagency\/wp-content\/uploads\/2023\/03\/tlou-1.jpg","datePublished":"2023-03-16T09:41:16+00:00","dateModified":"2023-05-26T11:07:01+00:00","description":"The campaign with 6 streamers were they reviewed each chapter of the HBO Max' series: The Last of Us.","breadcrumb":{"@id":"https:\/\/www.vizz-agency.com\/en\/best-cases\/hbo-max-the-last-of-us\/#breadcrumb"},"inLanguage":"en-US","potentialAction":[{"@type":"ReadAction","target":["https:\/\/www.vizz-agency.com\/en\/best-cases\/hbo-max-the-last-of-us\/"]}]},{"@type":"ImageObject","inLanguage":"en-US","@id":"https:\/\/www.vizz-agency.com\/en\/best-cases\/hbo-max-the-last-of-us\/#primaryimage","url":"https:\/\/img.blogs.es\/vizzagency\/wp-content\/uploads\/2023\/03\/tlou-1.jpg","contentUrl":"https:\/\/img.blogs.es\/vizzagency\/wp-content\/uploads\/2023\/03\/tlou-1.jpg"},{"@type":"BreadcrumbList","@id":"https:\/\/www.vizz-agency.com\/en\/best-cases\/hbo-max-the-last-of-us\/#breadcrumb","itemListElement":[{"@type":"ListItem","position":1,"name":"Home","item":"https:\/\/www.vizz-agency.com\/en\/"},{"@type":"ListItem","position":2,"name":"Best cases","item":"https:\/\/www.vizz-agency.com\/en\/best-cases\/"},{"@type":"ListItem","position":3,"name":"HBO MAX &#8211; The Last Of Us"}]},{"@type":"WebSite","@id":"https:\/\/www.vizz-agency.com\/#website","url":"https:\/\/www.vizz-agency.com\/","name":"Vizz Agency","description":"Los mejores creadores de contenido. 10 a\u00f1os a la vanguardia del entretenimiento digital","publisher":{"@id":"https:\/\/www.vizz-agency.com\/#organization"},"potentialAction":[{"@type":"SearchAction","target":{"@type":"EntryPoint","urlTemplate":"https:\/\/www.vizz-agency.com\/?s={search_term_string}"},"query-input":{"@type":"PropertyValueSpecification","valueRequired":true,"valueName":"search_term_string"}}],"inLanguage":"en-US"},{"@type":"Organization","@id":"https:\/\/www.vizz-agency.com\/#organization","name":"Vizz Agency","url":"https:\/\/www.vizz-agency.com\/","logo":{"@type":"ImageObject","inLanguage":"en-US","@id":"https:\/\/www.vizz-agency.com\/#\/schema\/logo\/image\/","url":"https:\/\/img.blogs.es\/vizzagency\/wp-content\/uploads\/2022\/09\/vizz-webedia.svg","contentUrl":"https:\/\/img.blogs.es\/vizzagency\/wp-content\/uploads\/2022\/09\/vizz-webedia.svg","width":1369,"height":400,"caption":"Vizz Agency"},"image":{"@id":"https:\/\/www.vizz-agency.com\/#\/schema\/logo\/image\/"},"sameAs":["https:\/\/x.com\/VizzAgency","https:\/\/www.linkedin.com\/company\/vizz-agency\/"]}]}},"_links":{"self":[{"href":"https:\/\/www.vizz-agency.com\/en\/wp-json\/wp\/v2\/pages\/10792","targetHints":{"allow":["GET"]}}],"collection":[{"href":"https:\/\/www.vizz-agency.com\/en\/wp-json\/wp\/v2\/pages"}],"about":[{"href":"https:\/\/www.vizz-agency.com\/en\/wp-json\/wp\/v2\/types\/page"}],"author":[{"embeddable":true,"href":"https:\/\/www.vizz-agency.com\/en\/wp-json\/wp\/v2\/users\/4"}],"replies":[{"embeddable":true,"href":"https:\/\/www.vizz-agency.com\/en\/wp-json\/wp\/v2\/comments?post=10792"}],"version-history":[{"count":2,"href":"https:\/\/www.vizz-agency.com\/en\/wp-json\/wp\/v2\/pages\/10792\/revisions"}],"predecessor-version":[{"id":10794,"href":"https:\/\/www.vizz-agency.com\/en\/wp-json\/wp\/v2\/pages\/10792\/revisions\/10794"}],"up":[{"embeddable":true,"href":"https:\/\/www.vizz-agency.com\/en\/wp-json\/wp\/v2\/pages\/2240"}],"wp:attachment":[{"href":"https:\/\/www.vizz-agency.com\/en\/wp-json\/wp\/v2\/media?parent=10792"}],"curies":[{"name":"wp","href":"https:\/\/api.w.org\/{rel}","templated":true}]}}